{"id":746576,"date":"2023-05-25T13:05:31","date_gmt":"2023-05-25T12:05:31","guid":{"rendered":"https:\/\/fitnfemale.com\/?page_id=746576"},"modified":"2023-05-25T16:57:29","modified_gmt":"2023-05-25T15:57:29","slug":"warteliste","status":"publish","type":"page","link":"https:\/\/fitnfemale.com\/deu\/warteliste\/","title":{"rendered":"Warteliste"},"content":{"rendered":"<div id=\"gap-2052020376\" class=\"gap-element clearfix\" style=\"display:block; height:auto;\">\n\t\t\n<style>\n#gap-2052020376 {\n  padding-top: 30px;\n}\n<\/style>\n\t<\/div>\n\t\n<div class=\"container section-title-container\" ><h3 class=\"section-title section-title-center\"><b aria-hidden=\"true\"><\/b><span class=\"section-title-main\" >PINK BURN - SMOOTH FUSION<\/span><b aria-hidden=\"true\"><\/b><\/h3><\/div>\n<div class=\"row\"  id=\"row-207754062\">\n\n\t<div id=\"col-1709581592\" class=\"col medium-5 small-12 large-5\"  >\n\t\t\t\t<div class=\"col-inner\"  >\n\t\t\t\n\t\t\t\n\t<div class=\"img has-hover x md-x lg-x y md-y lg-y\" id=\"image_1991737825\">\n\t\t\t\t\t\t\t\t<div class=\"img-inner dark\" >\n\t\t\t<img decoding=\"async\" width=\"800\" height=\"800\" src=\"https:\/\/fitnfemale.com\/wp-content\/uploads\/pink-burn-night-2023-shop-optimiert-800x800.jpg\" class=\"attachment-large size-large\" alt=\"Pink burn night 2023 shop optimiert\" srcset=\"https:\/\/fitnfemale.com\/wp-content\/uploads\/pink-burn-night-2023-shop-optimiert-800x800.jpg 800w, https:\/\/fitnfemale.com\/wp-content\/uploads\/pink-burn-night-2023-shop-optimiert-200x200.jpg 200w, https:\/\/fitnfemale.com\/wp-content\/uploads\/pink-burn-night-2023-shop-optimiert-510x510.jpg 510w, https:\/\/fitnfemale.com\/wp-content\/uploads\/pink-burn-night-2023-shop-optimiert-400x400.jpg 400w, https:\/\/fitnfemale.com\/wp-content\/uploads\/pink-burn-night-2023-shop-optimiert-280x280.jpg 280w, https:\/\/fitnfemale.com\/wp-content\/uploads\/pink-burn-night-2023-shop-optimiert-768x768.jpg 768w, https:\/\/fitnfemale.com\/wp-content\/uploads\/pink-burn-night-2023-shop-optimiert-12x12.jpg 12w, https:\/\/fitnfemale.com\/wp-content\/uploads\/pink-burn-night-2023-shop-optimiert-120x120.jpg 120w, https:\/\/fitnfemale.com\/wp-content\/uploads\/pink-burn-night-2023-shop-optimiert.jpg 868w\" sizes=\"(max-width: 800px) 100vw, 800px\" \/>\t\t\t\t\t\t\n\t\t\t\t\t<\/div>\n\t\t\t\t\t\t\t\t\n<style>\n#image_1991737825 {\n  width: 100%;\n}\n<\/style>\n\t<\/div>\n\t\n\t\t<\/div>\n\t\t\t\t\t<\/div>\n\n\t\n\n\t<div id=\"col-1573625794\" class=\"col medium-7 small-12 large-7\"  >\n\t\t\t\t<div class=\"col-inner\"  >\n\t\t\t\n\t\t\t\n<div class=\"row\"  id=\"row-572407085\">\n\n\t<div id=\"col-1839257671\" class=\"col small-12 large-12\"  >\n\t\t\t\t<div class=\"col-inner\" style=\"background-color:#f1e5e6;\" >\n\t\t\t\n\t\t\t\n\n\t\t<\/div>\n\t\t\t\t\n<style>\n#col-1839257671 > .col-inner {\n  padding: 20px 20px 0px 20px;\n  border-radius: 19px;\n}\n<\/style>\n\t<\/div>\n\n\t\n<\/div>\n<p>Wir freuen uns, dir anzuk\u00fcndigen, dass bald eine neue Version unseres Topsellers Pink Burn auf den Markt kommen wird &#8211; &#8222;Smooth Fusion&#8220; in verf\u00fchrerischem Mango und ohne Beta-Alanin. Diese aufregende Neuerung ist fast zum Greifen nah, und wir k\u00f6nnen es kaum erwarten, sie mit dir zu teilen.<\/p>\n<p>Smooth Fusion beh\u00e4lt die hohe Qualit\u00e4t und Wirksamkeit bei, die du von Pink Burn gewohnt bist &#8211; <span style=\"color: #282828;\"><strong>nur kommt diese Version ohne Beta Alanin daher<\/strong><\/span>.<\/p>\n<p>Um sicherzustellen, dass du nicht den Start verpasst, bieten wir dir die M\u00f6glichkeit, dich f\u00fcr unsere Warteliste einzutragen. Sobald Smooth Fusion verf\u00fcgbar ist, wirst du sofort benachrichtigt, sodass du zu den Ersten geh\u00f6rst, die dieses aufregende neue Produkt probieren.<\/p>\n\t\t<\/div>\n\t\t\t\t\t<\/div>\n\n\t\n<\/div>","protected":false},"excerpt":{"rendered":"","protected":false},"author":1,"featured_media":0,"parent":0,"menu_order":0,"comment_status":"closed","ping_status":"closed","template":"page-blank.php","meta":{"slim_seo":{"title":"Warteliste - FitNFemale\u00ae","description":"PINK BURN - SMOOTH FUSION Wir freuen uns, dir anzuk\u00fcndigen, dass bald eine neue Version unseres Topsellers Pink Burn auf den Markt kommen wird - \"Smooth Fusion\""},"footnotes":""},"class_list":["post-746576","page","type-page","status-publish","hentry"],"_links":{"self":[{"href":"https:\/\/fitnfemale.com\/deu\/wp-json\/wp\/v2\/pages\/746576","targetHints":{"allow":["GET"]}}],"collection":[{"href":"https:\/\/fitnfemale.com\/deu\/wp-json\/wp\/v2\/pages"}],"about":[{"href":"https:\/\/fitnfemale.com\/deu\/wp-json\/wp\/v2\/types\/page"}],"author":[{"embeddable":true,"href":"https:\/\/fitnfemale.com\/deu\/wp-json\/wp\/v2\/users\/1"}],"replies":[{"embeddable":true,"href":"https:\/\/fitnfemale.com\/deu\/wp-json\/wp\/v2\/comments?post=746576"}],"version-history":[{"count":0,"href":"https:\/\/fitnfemale.com\/deu\/wp-json\/wp\/v2\/pages\/746576\/revisions"}],"wp:attachment":[{"href":"https:\/\/fitnfemale.com\/deu\/wp-json\/wp\/v2\/media?parent=746576"}],"curies":[{"name":"wp","href":"https:\/\/api.w.org\/{rel}","templated":true}]}}