{"id":726189,"date":"2017-10-13T08:47:58","date_gmt":"2017-10-13T07:47:58","guid":{"rendered":"https:\/\/fitnfemale.com\/?page_id=726189"},"modified":"2023-03-17T09:41:01","modified_gmt":"2023-03-17T08:41:01","slug":"widerrufsbelehrung","status":"publish","type":"page","link":"https:\/\/fitnfemale.com\/deu\/widerrufsbelehrung\/","title":{"rendered":"widerrufsbelehrung"},"content":{"rendered":"<section class=\"section\" id=\"section_1161664554\">\n\t\t<div class=\"section-bg fill\" >\n\t\t\t\t\t\t\t\t\t\n\t\t\t\n\t<div class=\"is-border\"\n\t\tstyle=\"border-color:rgb(235, 235, 235);border-width:1px 0px 0px 0px;\">\n\t<\/div>\n\n\t\t<\/div>\n\n\t\t\n\n\t\t<div class=\"section-content relative\">\n\t\t\t\n<div class=\"row\"  id=\"row-1811289170\">\n\n\t<div id=\"col-2046113440\" class=\"col small-12 large-12\"  >\n\t\t\t\t<div class=\"col-inner\"  >\n\t\t\t\n\t\t\t\n\n\t\t<div class=\"icon-box featured-box icon-box-top text-left\"  style=\"margin:px px px px;\">\n\t\t\t\t<div class=\"icon-box-text last-reset\">\n\t\t\t\t\t\t\t\t\t\n<h1>Widerrufsbelehrung und Widerrufsformular<\/h1>\n<p>Verbrauchern steht ein Widerrufsrecht nach folgender Ma\u00dfgabe zu, wobei Verbraucher jede nat\u00fcrliche Person ist, die ein Rechtsgesch\u00e4ft zu Zwecken abschlie\u00dft, die \u00fcberwiegend weder ihrer gewerblichen noch ihrer selbst\u00e4ndigen beruflichen T\u00e4tigkeit zugerechnet werden k\u00f6nnen:<\/p>\n<h1><strong>A) Widerrufsbelehrung<\/strong><\/h1>\n<h2><strong>&#8211; Widerrufsrecht<\/strong><\/h2>\n<p>Sie haben das Recht, binnen 14 Tagen ohne Angabe von Gr\u00fcnden diesen Vertrag zu widerrufen.<\/p>\n<p>Die Widerrufsfrist betr\u00e4gt 14 Tage ab dem Tag, an dem Sie oder ein von Ihnen benannter Dritter, der nicht der Bef\u00f6rderer ist, die letzte Ware in Besitz genommen haben bzw. hat.<\/p>\n<p>Um Ihr Widerrufsrecht auszu\u00fcben, m\u00fcssen Sie uns (Fitnessmagnet GmbH<br \/>Zeughausgasse 15\u2028, CH-6300 Zug, Tel: +41 44 500 85 67, E-Mail: support@fitnfemale.com) mittels einer eindeutigen Erkl\u00e4rung (z. B. ein mit der Post versandter Brief oder E-Mail) \u00fcber Ihren Entschluss, diesen Vertrag zu widerrufen, informieren. Sie k\u00f6nnen daf\u00fcr das beigef\u00fcgte Muster-Widerrufsformular verwenden, das jedoch nicht vorgeschrieben ist.<\/p>\n<p>Zur Wahrung der Widerrufsfrist reicht es aus, dass Sie die Mitteilung \u00fcber die Aus\u00fcbung des Widerrufsrechts vor Ablauf der Widerrufsfrist absenden.<\/p>\n<h2><strong>&#8211; Folgen des Widerrufs<\/strong><\/h2>\n<p>Wenn Sie diesen Vertrag widerrufen, haben wir Ihnen alle Zahlungen, die wir von Ihnen erhalten haben, einschlie\u00dflich der Lieferkosten (mit Ausnahme der zus\u00e4tzlichen Kosten, die sich daraus ergeben, dass Sie eine andere Art der Lieferung als die von uns angebotene, g\u00fcnstigste Standardlieferung gew\u00e4hlt haben), unverz\u00fcglich und sp\u00e4testens binnen vierzehn Tagen ab dem Tag zur\u00fcckzuzahlen, an dem die Mitteilung \u00fcber Ihren Widerruf dieses Vertrags bei uns eingegangen ist. F\u00fcr diese R\u00fcckzahlung verwenden wir dasselbe Zahlungsmittel, das Sie bei der urspr\u00fcnglichen Transaktion eingesetzt haben, es sei denn, mit Ihnen wurde ausdr\u00fccklich etwas anderes vereinbart; in keinem Fall werden Ihnen wegen dieser R\u00fcckzahlung Entgelte berechnet. Wir k\u00f6nnen die R\u00fcckzahlung verweigern, bis wir die Waren wieder zur\u00fcckerhalten haben oder bis Sie den Nachweis erbracht haben, dass Sie die Waren zur\u00fcckgesandt haben, je nachdem, welches der fr\u00fchere Zeitpunkt ist.<\/p>\n<p>Sie haben die Waren unverz\u00fcglich und in jedem Fall sp\u00e4testens binnen vierzehn Tagen ab dem Tag, an dem Sie uns \u00fcber den Widerruf dieses Vertrags unterrichten, an FitnFemale, CH-9489 Schaan LOG zur\u00fcckzusenden oder zu \u00fcbergeben. Auf Wunsch k\u00f6nnen wir ihnen auch eine R\u00fccksendeadresse in \u00d6sterreich anbieten. Die Frist ist gewahrt, wenn Sie die Waren vor Ablauf der Frist von vierzehn Tagen absenden.<\/p>\n<p>Sie tragen die unmittelbaren Kosten der R\u00fccksendung der Waren. Sie m\u00fcssen f\u00fcr einen etwaigen Wertverlust der Waren nur aufkommen, wenn dieser Wertverlust auf einen zur Pr\u00fcfung der Beschaffenheit, Eigenschaften und Funktionsweise der Waren nicht notwendigen Umgang mit ihnen zur\u00fcckzuf\u00fchren ist.<\/p>\n<h2><strong>&#8211; Ausschluss bzw. vorzeitiges Erl\u00f6schen des Widerrufsrechts<\/strong><\/h2>\n<p>Das Widerrufsrecht besteht nicht bei Vertr\u00e4gen zur Lieferung von Waren, die schnell verderben k\u00f6nnen oder deren Verfallsdatum schnell \u00fcberschritten w\u00fcrde.<\/p>\n<p>Das Widerrufsrecht erlischt vorzeitig bei Vertr\u00e4gen zur Lieferung versiegelter Waren, die aus Gr\u00fcnden des Gesundheitsschutzes oder der Hygiene nicht zur R\u00fcckgabe geeignet sind, wenn ihre Versiegelung nach der Lieferung entfernt wurde.<\/p>\n\t\t<\/div>\n\t<\/div>\n\t\n\t\n\t<div id=\"gap-744740641\" class=\"gap-element clearfix\" style=\"display:block; height:auto;\">\n\t\t\n<style>\n#gap-744740641 {\n  padding-top: 30px;\n}\n<\/style>\n\t<\/div>\n\t\n<div class=\"row\"  id=\"row-1626696379\">\n\n\t<div id=\"col-226457107\" class=\"col small-12 large-12\"  >\n\t\t\t\t<div class=\"col-inner\"  >\n\t\t\t\n\t\t\t\n<h1>B) Muster-Widerrufsformular<\/h1>\n<p>Wenn Sie den Vertrag widerrufen wollen, dann f\u00fcllen Sie bitte dieses Formular aus und senden Sie es zur\u00fcck.<\/p>\n<p>An<\/p>\n<p>FitNFemale \/ Fitnessmagnet GmbH<br \/>Zeughausgasse 15\u2028 CH-6300 Zug (Schweiz)<br \/>E-Mail: info@fitnfemale.com<\/p>\n<p>Hiermit widerrufe(n) ich\/wir (*) den von mir\/uns (*) abgeschlossenen Vertrag \u00fcber den Kauf der folgenden Waren (*)\/die Erbringung der folgenden Dienstleistung (*)<\/p>\n<p>\u00a0<\/p>\n<p>Bestellt am (*)\u00a0<\/p>\n<p>erhalten am (*)<\/p>\n<p>\u00a0<\/p>\n<p>Name des\/der Verbraucher(s): <\/p>\n<p>Anschrift des\/der Verbraucher(s): <\/p>\n<p>Unterschrift des\/der Verbraucher(s) (nur bei Mitteilung auf Papier)<\/p>\n<p>Datum:<\/p>\n<p>(*) Unzutreffendes streichen<\/p>\n\t\t<\/div>\n\t\t\t\t\t<\/div>\n\n\t\n\n<style>\n#row-1626696379 > .col > .col-inner {\n  padding: 10px 10px 10px 10px;\n  background-color: rgb(239, 239, 239);\n  border-radius: 6px;\n}\n<\/style>\n<\/div>\n<h1 id=\"rueckgaberecht\">C) 30-Tage-R\u00fcckgaberecht<\/h1>\n<p>Unabh\u00e4ngig von Ihrem gesetzlichen Widerrufsrecht gew\u00e4hren wir Ihnen als Verbraucher freiwillig folgendes R\u00fccknahmeversprechen:<\/p>\n<p>S\u00e4mtliche Artikel aus unserem Shop k\u00f6nnen Sie innerhalb von 30 Tagen ab Erhalt der Ware an uns zur\u00fccksenden, sofern die Ware vollst\u00e4ndig ist und sich in ungebrauchtem und unbesch\u00e4digtem Zustand befindet. Wurde die Ware in einer Verkaufsverpackung geliefert, muss sie sich noch in der Originalverpackung befinden. Zur Fristwahrung gen\u00fcgt die rechtzeitige Absendung der Ware.<\/p>\n<p>Die Ware ist zur\u00fcckzusenden an:<\/p>\n<p><strong>FitnFemale<br \/><\/strong><strong>CH-9489 Schaan LOG<\/strong><\/p>\n<p><em><small>*Eine Strassenangabe ist nicht n\u00f6tig. Das Paket landet so direkt in unserem Lager.<\/small><\/em><\/p>\n<p>Auf Wunsch k\u00f6nnen wir Ihnen auch eine R\u00fccksendeadresse in \u00d6sterreich senden. Im Falle der Inanspruchnahme dieses R\u00fccknahmeversprechens erstatten wir Ihnen den von Ihnen bereits gezahlten Kaufpreis, sowie die Hinsendekosten. Die R\u00fccksendekosten werden nicht von uns \u00fcbernommen.<\/p>\n<p>Dieses R\u00fccknahmeversprechen beschr\u00e4nkt nicht Ihre gesetzlichen Rechte und somit auch nicht Ihr Widerrufsrecht.<\/p>\n<div class=\"row\"  id=\"row-1767938005\">\n\n\t<div id=\"col-1222112422\" class=\"col small-12 large-12\"  >\n\t\t\t\t<div class=\"col-inner\"  >\n\t\t\t\n\t\t\t\n<p><strong>Allgemeine Hinweise<\/strong><br \/>Bitte beachten Sie, dass die Einhaltung der folgenden Bedingungen nicht Voraussetzung f\u00fcr die wirksame Aus\u00fcbung des Widerrufsrechts ist.<br \/>\u2022 Bitte vermeiden Sie Besch\u00e4digungen und Verunreinigungen der Ware.<br \/>\u2022 Senden Sie die Ware bitte originalverpackt und unge\u00f6ffnet mit s\u00e4mtlichem Zubeh\u00f6r sowie m\u00f6glichst nicht unfrei an uns zur\u00fcck<\/p>\n\t\t<\/div>\n\t\t\t\t\t<\/div>\n\n\t\n\n<style>\n#row-1767938005 > .col > .col-inner {\n  padding: 10px 10px 10px 10px;\n  background-color: rgb(239, 239, 239);\n  border-radius: 6px;\n}\n<\/style>\n<\/div>\n\t\t<\/div>\n\t\t\t\t\t<\/div>\n\n\t\n<\/div>\n\t\t<\/div>\n\n\t\t\n<style>\n#section_1161664554 {\n  padding-top: 47px;\n  padding-bottom: 47px;\n  background-color: rgb(255,255,255);\n}\n<\/style>\n\t<\/section>","protected":false},"excerpt":{"rendered":"","protected":false},"author":1,"featured_media":0,"parent":0,"menu_order":0,"comment_status":"closed","ping_status":"closed","template":"page-blank.php","meta":{"slim_seo":{"title":"widerrufsbelehrung - FitNFemale\u00ae","description":"Widerrufsbelehrung und Widerrufsformular Verbrauchern steht ein Widerrufsrecht nach folgender Ma\u00dfgabe zu, wobei Verbraucher jede nat\u00fcrliche Person ist, die ein"},"footnotes":""},"class_list":["post-726189","page","type-page","status-publish","hentry"],"_links":{"self":[{"href":"https:\/\/fitnfemale.com\/deu\/wp-json\/wp\/v2\/pages\/726189","targetHints":{"allow":["GET"]}}],"collection":[{"href":"https:\/\/fitnfemale.com\/deu\/wp-json\/wp\/v2\/pages"}],"about":[{"href":"https:\/\/fitnfemale.com\/deu\/wp-json\/wp\/v2\/types\/page"}],"author":[{"embeddable":true,"href":"https:\/\/fitnfemale.com\/deu\/wp-json\/wp\/v2\/users\/1"}],"replies":[{"embeddable":true,"href":"https:\/\/fitnfemale.com\/deu\/wp-json\/wp\/v2\/comments?post=726189"}],"version-history":[{"count":0,"href":"https:\/\/fitnfemale.com\/deu\/wp-json\/wp\/v2\/pages\/726189\/revisions"}],"wp:attachment":[{"href":"https:\/\/fitnfemale.com\/deu\/wp-json\/wp\/v2\/media?parent=726189"}],"curies":[{"name":"wp","href":"https:\/\/api.w.org\/{rel}","templated":true}]}}