{"id":709747,"date":"2023-01-25T08:13:35","date_gmt":"2023-01-25T07:13:35","guid":{"rendered":"https:\/\/fitnfemale.com\/?page_id=709747"},"modified":"2025-12-22T11:31:04","modified_gmt":"2025-12-22T10:31:04","slug":"shakes","status":"publish","type":"page","link":"https:\/\/fitnfemale.com\/deu\/shakes\/","title":{"rendered":"Shakes"},"content":{"rendered":"\n  <div class=\"banner has-hover\" id=\"banner-1339950301\">\n          <div class=\"banner-inner fill\">\n        <div class=\"banner-bg fill\" >\n            <img decoding=\"async\" width=\"1982\" height=\"1114\" src=\"https:\/\/fitnfemale.com\/wp-content\/uploads\/shakes-header.webp\" class=\"bg attachment-original size-original\" alt=\"Shakes header\" \/>                                    \n                    <\/div>\n\t\t\n        <div class=\"banner-layers container\">\n            <div class=\"fill banner-link\"><\/div>            \n   <div id=\"text-box-1240310449\" class=\"text-box banner-layer x95 md-x5 lg-x5 y95 md-y70 lg-y70 res-text\">\n                                <div class=\"text-box-content text dark\">\n              \n              <div class=\"text-inner text-center\">\n                  \n\t<div id=\"text-3736990254\" class=\"text\">\n\t\t\n<h3 class=\"uppercase\">Die ultimative Auswahl an Frauen-Shakes, die Wirkung zeigen<\/h3>\n\t\t\n<style>\n#text-3736990254 {\n  font-size: 1.85rem;\n  line-height: 1.4;\n}\n<\/style>\n\t<\/div>\n\t\n\t<div id=\"text-3452612127\" class=\"text hide-for-small\">\n\t\t\n<p>Du suchst nach dem perfekten Shake, der genau auf deine Bed\u00fcrfnisse als Frau zugeschnitten ist? Du hast ihn gefunden.<\/p>\n\t\t\n<style>\n#text-3452612127 {\n  font-size: 1rem;\n}\n<\/style>\n\t<\/div>\n\t\n              <\/div>\n           <\/div>\n                            \n<style>\n#text-box-1240310449 {\n  width: 87%;\n}\n#text-box-1240310449 .text-box-content {\n  font-size: 71%;\n}\n@media (min-width:550px) {\n  #text-box-1240310449 {\n    width: 34%;\n  }\n  #text-box-1240310449 .text-box-content {\n    font-size: 100%;\n  }\n}\n<\/style>\n    <\/div>\n \n        <\/div>\n      <\/div>\n\n            \n<style>\n#banner-1339950301 {\n  padding-top: 120%;\n}\n#banner-1339950301 .overlay {\n  background-color: rgba(0, 0, 0, 0.314);\n}\n#banner-1339950301 .banner-bg img {\n  object-position: 51% 42%;\n}\n@media (min-width:550px) {\n  #banner-1339950301 {\n    padding-top: 45%;\n  }\n}\n<\/style>\n  <\/div>\n\n\n\n  <div class=\"banner has-hover has-parallax\" id=\"banner-125698761\">\n          <div class=\"banner-inner fill\">\n        <div class=\"banner-bg fill\" data-parallax=\"-3\" data-parallax-container=\".banner\" data-parallax-background>\n                                                \n                    <\/div>\n\t\t\n        <div class=\"banner-layers container\">\n            <div class=\"fill banner-link\"><\/div>            \n   <div id=\"text-box-1895400196\" class=\"text-box banner-layer x50 md-x95 lg-x95 y95 md-y50 lg-y50 res-text\">\n                     <div data-animate=\"fadeInLeft\">           <div class=\"text-box-content text dark\">\n              \n              <div class=\"text-inner text-center\">\n                  \n<h3 class=\"lead\"><strong>F\u00fcr deine Fitness Shaping Ziele<\/strong><\/h3>\n<p>Der Shape Me Shake enth\u00e4lt eine Body-Shaping Formel, die zus\u00e4tzliche Energie aus Fetts\u00e4uren gewinnt, reich an Proteinen, niedrig an Fett und Kohlenhydraten, und ist angereichert mit L-Carnitin, Zink, Magnesium und Piperin. Er hat einen k\u00f6stlichen Geschmack, ist Aspartamfrei, glutenfrei und sojafrei und kann sowohl mit Wasser als auch mit Milch genossen werden. Probieren Sie ihn jetzt aus, um Ihre Fitness- und Gesundheitsziele zu erreichen.<\/p>\n<a href=\"\/produkt\/all-in-one-shape-shake\/\" class=\"button white expand\" style=\"border-radius:99px;\">\n\t<i class=\"icon-angle-right\" aria-hidden=\"true\"><\/i>\t<span>SHAPE ME SHAKE<\/span>\n\t<\/a>\n\n              <\/div>\n           <\/div>\n       <\/div>                     \n<style>\n#text-box-1895400196 {\n  width: 86%;\n}\n#text-box-1895400196 .text-box-content {\n  font-size: 100%;\n}\n@media (min-width:550px) {\n  #text-box-1895400196 {\n    width: 41%;\n  }\n}\n<\/style>\n    <\/div>\n \n\t<div class=\"img has-hover x50 md-x5 lg-x5 y0 md-y95 lg-y95\" id=\"image_660545933\">\n\t\t<a class=\"\" href=\"\/produkt\/all-in-one-shape-shake\/\" >\t\t\t\t\t\t<div class=\"img-inner dark\" >\n\t\t\t<img decoding=\"async\" width=\"2000\" height=\"2000\" src=\"https:\/\/fitnfemale.com\/wp-content\/uploads\/shapemeshake-3d25.png\" class=\"attachment-original size-original\" alt=\"Shapemeshake 3d25\" srcset=\"https:\/\/fitnfemale.com\/wp-content\/uploads\/shapemeshake-3d25.png 2000w, https:\/\/fitnfemale.com\/wp-content\/uploads\/shapemeshake-3d25-400x400.png 400w, https:\/\/fitnfemale.com\/wp-content\/uploads\/shapemeshake-3d25-800x800.png 800w, https:\/\/fitnfemale.com\/wp-content\/uploads\/shapemeshake-3d25-280x280.png 280w, https:\/\/fitnfemale.com\/wp-content\/uploads\/shapemeshake-3d25-768x768.png 768w, https:\/\/fitnfemale.com\/wp-content\/uploads\/shapemeshake-3d25-1536x1536.png 1536w, https:\/\/fitnfemale.com\/wp-content\/uploads\/shapemeshake-3d25-12x12.png 12w, https:\/\/fitnfemale.com\/wp-content\/uploads\/shapemeshake-3d25-1000x1000.png 1000w, https:\/\/fitnfemale.com\/wp-content\/uploads\/shapemeshake-3d25-200x200.png 200w, https:\/\/fitnfemale.com\/wp-content\/uploads\/shapemeshake-3d25-120x120.png 120w\" sizes=\"(max-width: 2000px) 100vw, 2000px\" \/>\t\t\t\t\t\t\n\t\t\t\t\t<\/div>\n\t\t\t\t\t\t<\/a>\t\t\n<style>\n#image_660545933 {\n  width: 94%;\n}\n@media (min-width:550px) {\n  #image_660545933 {\n    width: 36%;\n  }\n}\n<\/style>\n\t<\/div>\n\t\n        <\/div>\n      <\/div>\n\n            \n<style>\n#banner-125698761 {\n  padding-top: 633px;\n  background-color: rgb(219, 143, 179);\n}\n#banner-125698761 .overlay {\n  background-color: rgba(0, 0, 0, 0.3);\n}\n#banner-125698761 .banner-bg img {\n  object-position: 35% 23%;\n}\n@media (min-width:550px) {\n  #banner-125698761 {\n    padding-top: 540px;\n  }\n}\n<\/style>\n  <\/div>\n\n\n\n  <div class=\"banner has-hover has-parallax\" id=\"banner-31317990\">\n          <div class=\"banner-inner fill\">\n        <div class=\"banner-bg fill\" data-parallax=\"-3\" data-parallax-container=\".banner\" data-parallax-background>\n                                                \n                    <\/div>\n\t\t\n        <div class=\"banner-layers container\">\n            <div class=\"fill banner-link\"><\/div>            \n   <div id=\"text-box-1059527107\" class=\"text-box banner-layer x50 md-x95 lg-x95 y95 md-y50 lg-y50 res-text\">\n                     <div data-animate=\"fadeInLeft\">           <div class=\"text-box-content text dark\">\n              \n              <div class=\"text-inner text-center\">\n                  \n<h3 class=\"lead\"><strong>Smart\u00b3 f\u00fcr Beauty, Fitness und Verdauung!<\/strong><\/h3>\n<p>Smart\u00b3 ist der ultimative Shake f\u00fcr Beauty, Fitness und Verdauung mit einer innovativen Zusammensetzung. Klinisch erprobt und f\u00fcr gesunde Darmflora und Verdauung. Holen Sie sich jetzt Smart\u00b3 und profitieren Sie von all seinen Vorteilen in einem einzigen Shake.<\/p>\n<a href=\"\/produkt\/collagen-smart-shake\/\" class=\"button white expand\" style=\"border-radius:99px;\">\n\t<i class=\"icon-angle-right\" aria-hidden=\"true\"><\/i>\t<span>Whey Collagen Smart Shake<\/span>\n\t<\/a>\n\n              <\/div>\n           <\/div>\n       <\/div>                     \n<style>\n#text-box-1059527107 {\n  width: 80%;\n}\n#text-box-1059527107 .text-box-content {\n  font-size: 100%;\n}\n@media (min-width:550px) {\n  #text-box-1059527107 {\n    width: 41%;\n  }\n}\n<\/style>\n    <\/div>\n \n\t<div class=\"img has-hover x50 md-x5 lg-x5 y0 md-y95 lg-y95\" id=\"image_1184218839\">\n\t\t<a class=\"\" href=\"\/produkt\/collagen-smart-shake\/\" >\t\t\t\t\t\t<div class=\"img-inner dark\" >\n\t\t\t<img decoding=\"async\" width=\"2000\" height=\"2000\" src=\"https:\/\/fitnfemale.com\/wp-content\/uploads\/smartcollagen-3d-blank.png\" class=\"attachment-original size-original\" alt=\"Smartcollagen 3d blank\" srcset=\"https:\/\/fitnfemale.com\/wp-content\/uploads\/smartcollagen-3d-blank.png 2000w, https:\/\/fitnfemale.com\/wp-content\/uploads\/smartcollagen-3d-blank-400x400.png 400w, https:\/\/fitnfemale.com\/wp-content\/uploads\/smartcollagen-3d-blank-800x800.png 800w, https:\/\/fitnfemale.com\/wp-content\/uploads\/smartcollagen-3d-blank-280x280.png 280w, https:\/\/fitnfemale.com\/wp-content\/uploads\/smartcollagen-3d-blank-768x768.png 768w, https:\/\/fitnfemale.com\/wp-content\/uploads\/smartcollagen-3d-blank-1536x1536.png 1536w, https:\/\/fitnfemale.com\/wp-content\/uploads\/smartcollagen-3d-blank-12x12.png 12w, https:\/\/fitnfemale.com\/wp-content\/uploads\/smartcollagen-3d-blank-1000x1000.png 1000w, https:\/\/fitnfemale.com\/wp-content\/uploads\/smartcollagen-3d-blank-200x200.png 200w, https:\/\/fitnfemale.com\/wp-content\/uploads\/smartcollagen-3d-blank-120x120.png 120w\" sizes=\"(max-width: 2000px) 100vw, 2000px\" \/>\t\t\t\t\t\t\n\t\t\t\t\t<\/div>\n\t\t\t\t\t\t<\/a>\t\t\n<style>\n#image_1184218839 {\n  width: 94%;\n}\n@media (min-width:550px) {\n  #image_1184218839 {\n    width: 36%;\n  }\n}\n<\/style>\n\t<\/div>\n\t\n        <\/div>\n      <\/div>\n\n            \n<style>\n#banner-31317990 {\n  padding-top: 572px;\n  background-color: rgb(205, 189, 171);\n}\n#banner-31317990 .overlay {\n  background-color: rgba(0, 0, 0, 0.3);\n}\n#banner-31317990 .banner-bg img {\n  object-position: 35% 23%;\n}\n@media (min-width:550px) {\n  #banner-31317990 {\n    padding-top: 540px;\n  }\n}\n<\/style>\n  <\/div>\n\n\n\n  <div class=\"banner has-hover show-for-medium hide-for-small has-parallax\" id=\"banner-167536111\">\n          <div class=\"banner-inner fill\">\n        <div class=\"banner-bg fill\" data-parallax=\"-3\" data-parallax-container=\".banner\" data-parallax-background>\n                                    <div class=\"overlay\"><\/div>            \n                    <\/div>\n\t\t\n        <div class=\"banner-layers container\">\n            <div class=\"fill banner-link\"><\/div>            \n   <div id=\"text-box-142091542\" class=\"text-box banner-layer x50 md-x50 lg-x50 y50 md-y50 lg-y50 res-text\">\n              <div data-parallax=\"2\" data-parallax-fade=\"true\">                  <div class=\"text-box-content text dark\">\n              \n              <div class=\"text-inner text-center\">\n                  \n<h3 class=\"uppercase\"><strong>Join Our Newsletter<\/strong><\/h3>\n<p>Lorem ipsum dolor sit amet, consectetuer adipiscing elit, sed diam nonummy nibh euismod tincidunt ut laoreet dolore magna aliquam erat volutpat.<\/p>\n[contact-form-7 id=&#8220;7042&#8243;]\n              <\/div>\n           <\/div>\n              <\/div>              \n<style>\n#text-box-142091542 {\n  width: 93%;\n}\n#text-box-142091542 .text-box-content {\n  font-size: 100%;\n}\n@media (min-width:550px) {\n  #text-box-142091542 {\n    width: 60%;\n  }\n}\n<\/style>\n    <\/div>\n \n        <\/div>\n      <\/div>\n\n            \n<style>\n#banner-167536111 {\n  padding-top: 450px;\n}\n#banner-167536111 .overlay {\n  background-color: rgba(0, 0, 0, 0.63);\n}\n<\/style>\n  <\/div>\n\n\n\n  <div class=\"banner has-hover has-parallax\" id=\"banner-1758745331\">\n          <div class=\"banner-inner fill\">\n        <div class=\"banner-bg fill\" data-parallax=\"-3\" data-parallax-container=\".banner\" data-parallax-background>\n                                                \n                    <\/div>\n\t\t\n        <div class=\"banner-layers container\">\n            <div class=\"fill banner-link\"><\/div>            \n\t<div class=\"img has-hover x50 md-x5 lg-x5 y0 md-y50 lg-y50\" id=\"image_1630748849\">\n\t\t<a class=\"\" href=\"\/produkt\/all-you-need-shake\/\" >\t\t\t\t\t\t<div class=\"img-inner dark\" >\n\t\t\t<img decoding=\"async\" width=\"2000\" height=\"2000\" src=\"https:\/\/fitnfemale.com\/wp-content\/uploads\/allyouneedshake-blank.png\" class=\"attachment-original size-original\" alt=\"Allyouneedshake blank\" srcset=\"https:\/\/fitnfemale.com\/wp-content\/uploads\/allyouneedshake-blank.png 2000w, https:\/\/fitnfemale.com\/wp-content\/uploads\/allyouneedshake-blank-400x400.png 400w, https:\/\/fitnfemale.com\/wp-content\/uploads\/allyouneedshake-blank-800x800.png 800w, https:\/\/fitnfemale.com\/wp-content\/uploads\/allyouneedshake-blank-280x280.png 280w, https:\/\/fitnfemale.com\/wp-content\/uploads\/allyouneedshake-blank-768x768.png 768w, https:\/\/fitnfemale.com\/wp-content\/uploads\/allyouneedshake-blank-1536x1536.png 1536w, https:\/\/fitnfemale.com\/wp-content\/uploads\/allyouneedshake-blank-12x12.png 12w, https:\/\/fitnfemale.com\/wp-content\/uploads\/allyouneedshake-blank-1000x1000.png 1000w, https:\/\/fitnfemale.com\/wp-content\/uploads\/allyouneedshake-blank-200x200.png 200w, https:\/\/fitnfemale.com\/wp-content\/uploads\/allyouneedshake-blank-120x120.png 120w\" sizes=\"(max-width: 2000px) 100vw, 2000px\" \/>\t\t\t\t\t\t\n\t\t\t\t\t<\/div>\n\t\t\t\t\t\t<\/a>\t\t\n<style>\n#image_1630748849 {\n  width: 94%;\n}\n@media (min-width:550px) {\n  #image_1630748849 {\n    width: 36%;\n  }\n}\n<\/style>\n\t<\/div>\n\t\n   <div id=\"text-box-397554084\" class=\"text-box banner-layer x50 md-x95 lg-x95 y95 md-y25 lg-y25 res-text\">\n                                <div class=\"text-box-content text dark\">\n              \n              <div class=\"text-inner text-center\">\n                  \n<h3 class=\"lead\"><strong>\u00dcberlass das Abnehmen dem Shake \u2013 Byebye Kalorienz\u00e4hlen<\/strong><\/h3>\n<p>Unser All You Need Shake ist ein vollwertiger Mahlzeitenersatz, der dir beim genussvollen Abnehmen hilft. Der Shake ist lecker, s\u00e4ttigend und versorgt deinen K\u00f6rper mit wichtigen N\u00e4hrstoffen. In nur 1 Minute zubereitet und mit 24 Vitaminen und Mineralstoffen.<\/p>\n<a href=\"\/produkt\/all-you-need-shake\/\" class=\"button white expand\" style=\"border-radius:99px;\">\n\t<i class=\"icon-angle-right\" aria-hidden=\"true\"><\/i>\t<span>ALL YOU NEED SHAKE<\/span>\n\t<\/a>\n\n              <\/div>\n           <\/div>\n                            \n<style>\n#text-box-397554084 {\n  width: 82%;\n}\n#text-box-397554084 .text-box-content {\n  font-size: 100%;\n}\n@media (min-width:550px) {\n  #text-box-397554084 {\n    width: 41%;\n  }\n}\n<\/style>\n    <\/div>\n \n        <\/div>\n      <\/div>\n\n            \n<style>\n#banner-1758745331 {\n  padding-top: 628px;\n  background-color: rgb(191, 159, 163);\n}\n#banner-1758745331 .banner-bg img {\n  object-position: 60% 16%;\n}\n@media (min-width:550px) {\n  #banner-1758745331 {\n    padding-top: 540px;\n  }\n}\n<\/style>\n  <\/div>\n\n\n\n  <div class=\"banner has-hover\" id=\"banner-2123304328\">\n          <div class=\"banner-inner fill\">\n        <div class=\"banner-bg fill\" >\n                                                \n                    <\/div>\n\t\t\n        <div class=\"banner-layers container\">\n            <div class=\"fill banner-link\"><\/div>            \n   <div id=\"text-box-1946293201\" class=\"text-box banner-layer x50 md-x95 lg-x95 y95 md-y50 lg-y50 res-text\">\n                     <div data-animate=\"fadeInLeft\">           <div class=\"text-box-content text dark\">\n              \n              <div class=\"text-inner text-center\">\n                  \n<h3 class=\"lead\"><strong>Gainer Goddess<\/strong><\/h3>\n<p>Gainer Goddess ist deine ultimative L\u00f6sung f\u00fcr gesunde Gewichtszunahme und innere Sch\u00f6nheit. Mit hochwertigen Proteinen, Kohlenhydraten und Kollagenhydrolysat, unterst\u00fctzt diese speziell entwickelte Formel sowohl den Aufbau von Muskelmasse als auch das Wachstum von Haut, Haaren und N\u00e4geln.<\/p>\n<a href=\"\/produkt\/gainer-goddess\/\" class=\"button white expand\" style=\"border-radius:99px;\">\n\t<i class=\"icon-angle-right\" aria-hidden=\"true\"><\/i>\t<span>GAINER GODDESS<\/span>\n\t<\/a>\n\n              <\/div>\n           <\/div>\n       <\/div>                     \n<style>\n#text-box-1946293201 {\n  width: 80%;\n}\n#text-box-1946293201 .text-box-content {\n  font-size: 100%;\n}\n@media (min-width:550px) {\n  #text-box-1946293201 {\n    width: 41%;\n  }\n}\n<\/style>\n    <\/div>\n \n\t<div class=\"img has-hover x50 md-x5 lg-x5 y0 md-y95 lg-y95\" id=\"image_112473692\">\n\t\t<a class=\"\" href=\"\/produkt\/gainer-goddess\/\" >\t\t\t\t\t\t<div class=\"img-inner dark\" style=\"margin:0px 0px 0px 0px;\">\n\t\t\t<img decoding=\"async\" width=\"1200\" height=\"1200\" src=\"https:\/\/fitnfemale.com\/wp-content\/uploads\/gainergoddess-blank.png\" class=\"attachment-original size-original\" alt=\"Gainergoddess blank\" srcset=\"https:\/\/fitnfemale.com\/wp-content\/uploads\/gainergoddess-blank.png 1200w, https:\/\/fitnfemale.com\/wp-content\/uploads\/gainergoddess-blank-400x400.png 400w, https:\/\/fitnfemale.com\/wp-content\/uploads\/gainergoddess-blank-800x800.png 800w, https:\/\/fitnfemale.com\/wp-content\/uploads\/gainergoddess-blank-280x280.png 280w, https:\/\/fitnfemale.com\/wp-content\/uploads\/gainergoddess-blank-768x768.png 768w, https:\/\/fitnfemale.com\/wp-content\/uploads\/gainergoddess-blank-12x12.png 12w, https:\/\/fitnfemale.com\/wp-content\/uploads\/gainergoddess-blank-1000x1000.png 1000w, https:\/\/fitnfemale.com\/wp-content\/uploads\/gainergoddess-blank-200x200.png 200w, https:\/\/fitnfemale.com\/wp-content\/uploads\/gainergoddess-blank-120x120.png 120w\" sizes=\"(max-width: 1200px) 100vw, 1200px\" \/>\t\t\t\t\t\t\n\t\t\t\t\t<\/div>\n\t\t\t\t\t\t<\/a>\t\t\n<style>\n#image_112473692 {\n  width: 92%;\n}\n@media (min-width:550px) {\n  #image_112473692 {\n    width: 36%;\n  }\n}\n<\/style>\n\t<\/div>\n\t\n        <\/div>\n      <\/div>\n\n            \n<style>\n#banner-2123304328 {\n  padding-top: 540px;\n  background-color: rgb(182, 118, 133);\n}\n#banner-2123304328 .overlay {\n  background-color: rgba(0, 0, 0, 0.3);\n}\n<\/style>\n  <\/div>\n\n\n\n  <div class=\"banner has-hover has-parallax\" id=\"banner-1259931248\">\n          <div class=\"banner-inner fill\">\n        <div class=\"banner-bg fill\" data-parallax=\"-3\" data-parallax-container=\".banner\" data-parallax-background>\n                                                \n                    <\/div>\n\t\t\n        <div class=\"banner-layers container\">\n            <div class=\"fill banner-link\"><\/div>            \n\t<div class=\"img has-hover x50 md-x5 lg-x5 y0 md-y50 lg-y50\" id=\"image_764492768\">\n\t\t<a class=\"\" href=\"\/produkt\/whey-isolate\/\" >\t\t\t\t\t\t<div class=\"img-inner dark\" >\n\t\t\t<img decoding=\"async\" width=\"2000\" height=\"2000\" src=\"https:\/\/fitnfemale.com\/wp-content\/uploads\/wheyisolate-3d-blank.png\" class=\"attachment-original size-original\" alt=\"Wheyisolate 3d blank\" srcset=\"https:\/\/fitnfemale.com\/wp-content\/uploads\/wheyisolate-3d-blank.png 2000w, https:\/\/fitnfemale.com\/wp-content\/uploads\/wheyisolate-3d-blank-400x400.png 400w, https:\/\/fitnfemale.com\/wp-content\/uploads\/wheyisolate-3d-blank-800x800.png 800w, https:\/\/fitnfemale.com\/wp-content\/uploads\/wheyisolate-3d-blank-280x280.png 280w, https:\/\/fitnfemale.com\/wp-content\/uploads\/wheyisolate-3d-blank-768x768.png 768w, https:\/\/fitnfemale.com\/wp-content\/uploads\/wheyisolate-3d-blank-1536x1536.png 1536w, https:\/\/fitnfemale.com\/wp-content\/uploads\/wheyisolate-3d-blank-12x12.png 12w, https:\/\/fitnfemale.com\/wp-content\/uploads\/wheyisolate-3d-blank-1000x1000.png 1000w, https:\/\/fitnfemale.com\/wp-content\/uploads\/wheyisolate-3d-blank-200x200.png 200w, https:\/\/fitnfemale.com\/wp-content\/uploads\/wheyisolate-3d-blank-120x120.png 120w\" sizes=\"(max-width: 2000px) 100vw, 2000px\" \/>\t\t\t\t\t\t\n\t\t\t\t\t<\/div>\n\t\t\t\t\t\t<\/a>\t\t\n<style>\n#image_764492768 {\n  width: 94%;\n}\n@media (min-width:550px) {\n  #image_764492768 {\n    width: 36%;\n  }\n}\n<\/style>\n\t<\/div>\n\t\n   <div id=\"text-box-774012799\" class=\"text-box banner-layer x50 md-x95 lg-x95 y95 md-y25 lg-y25 res-text\">\n                                <div class=\"text-box-content text dark\">\n              \n              <div class=\"text-inner text-center\">\n                  \n<h3 class=\"lead\"><strong>Guten Dingen bleibt man treu \u2212 und dieser Shake geh\u00f6rt dazu<\/strong><\/h3>\n<p>Das 97% Protein Isolate ist ein hochwertiges Proteinpulver mit einem sehr geringen Fett-, Kohlenhydrat- und Laktoseanteil. Es eignet sich sowohl f\u00fcr Muskelaufbau- als auch Di\u00e4tphasen und ist auch f\u00fcr Personen mit Laktoseintoleranz geeignet. Es wird aus ausgesuchten Rohstoffen hergestellt und hat einen k\u00f6stlichen Geschmack, der sowohl mit Wasser als auch Milch angenehm zu trinken ist.<\/p>\n<a href=\"\/produkt\/whey-isolate\/\" class=\"button white expand\" style=\"border-radius:99px;\">\n\t<i class=\"icon-angle-right\" aria-hidden=\"true\"><\/i>\t<span>WOMEN'S WHEY ISOLATE<\/span>\n\t<\/a>\n\n              <\/div>\n           <\/div>\n                            \n<style>\n#text-box-774012799 {\n  width: 82%;\n}\n#text-box-774012799 .text-box-content {\n  font-size: 100%;\n}\n@media (min-width:550px) {\n  #text-box-774012799 {\n    width: 41%;\n  }\n}\n<\/style>\n    <\/div>\n \n        <\/div>\n      <\/div>\n\n            \n<style>\n#banner-1259931248 {\n  padding-top: 678px;\n  background-color: rgb(200, 140, 158);\n}\n#banner-1259931248 .banner-bg img {\n  object-position: 60% 16%;\n}\n@media (min-width:550px) {\n  #banner-1259931248 {\n    padding-top: 540px;\n  }\n}\n<\/style>\n  <\/div>\n\n\n\n  <div class=\"banner has-hover show-for-medium hide-for-small\" id=\"banner-1559376148\">\n          <div class=\"banner-inner fill\">\n        <div class=\"banner-bg fill\" >\n                                    <div class=\"overlay\"><\/div>            \n                    <\/div>\n\t\t\n        <div class=\"banner-layers container\">\n            <div class=\"fill banner-link\"><\/div>            \n   <div id=\"text-box-1059840654\" class=\"text-box banner-layer x50 md-x50 lg-x50 y50 md-y50 lg-y50 res-text\">\n              <div data-parallax=\"2\" data-parallax-fade=\"true\">                  <div class=\"text-box-content text dark\">\n              \n              <div class=\"text-inner text-center\">\n                  \n<h3 class=\"uppercase\"><strong>SPEZIAL-RABATT<\/strong><\/h3>\n<p>Verwende den Code SURPRISE f\u00fcr einen erhalte einen Spezialrabatt und bis zu 4 Giveaways pro Bestellung.<\/p>\n<div id=\"timer-1832573551\" class=\"ux-timer dark\" data-text-plural=\"s\" data-text-hour=\"hour\" data-text-day=\"day\" data-text-week=\"week\" data-text-min=\"min\" data-text-sec=\"sec\" data-text-hour-p=\"\" data-text-day-p=\"\" data-text-week-p=\"\" data-text-min-p=\"\" data-text-sec-p=\"\" data-countdown=\"2021\/12\/31 18:00\"><span>&nbsp;<div class=\"loading-spin dark centered\"><\/div><strong>&nbsp;<\/strong><\/span><\/div>\n<style>\n#timer-1832573551 {\n  font-size: 300%;\n}\n#timer-1832573551 span {\n  background-color: rgba(0, 0, 0, 0.06);\n}\n<\/style>\n\n<a class=\"button white\" style=\"border-radius:99px;\">\n\t\t<span>Shop Now<\/span>\n\t<\/a>\n\n              <\/div>\n           <\/div>\n              <\/div>              \n<style>\n#text-box-1059840654 {\n  width: 79%;\n}\n#text-box-1059840654 .text-box-content {\n  font-size: 100%;\n}\n@media (min-width:550px) {\n  #text-box-1059840654 {\n    width: 60%;\n  }\n}\n<\/style>\n    <\/div>\n \n        <\/div>\n      <\/div>\n\n            \n<style>\n#banner-1559376148 {\n  padding-top: 500px;\n}\n#banner-1559376148 .overlay {\n  background-color: rgba(0, 185, 179, 0.91);\n}\n<\/style>\n  <\/div>\n\n\n","protected":false},"excerpt":{"rendered":"","protected":false},"author":1,"featured_media":0,"parent":0,"menu_order":0,"comment_status":"closed","ping_status":"closed","template":"page-transparent-header-light.php","meta":{"slim_seo":{"title":"Shakes - FitNFemale\u00ae","description":"Die ultimative Auswahl an Frauen-Shakes, die Wirkung zeigen Du suchst nach dem perfekten Shake, der genau auf deine Bed\u00fcrfnisse als Frau zugeschnitten ist? Du h"},"footnotes":""},"class_list":["post-709747","page","type-page","status-publish","hentry"],"_links":{"self":[{"href":"https:\/\/fitnfemale.com\/deu\/wp-json\/wp\/v2\/pages\/709747","targetHints":{"allow":["GET"]}}],"collection":[{"href":"https:\/\/fitnfemale.com\/deu\/wp-json\/wp\/v2\/pages"}],"about":[{"href":"https:\/\/fitnfemale.com\/deu\/wp-json\/wp\/v2\/types\/page"}],"author":[{"embeddable":true,"href":"https:\/\/fitnfemale.com\/deu\/wp-json\/wp\/v2\/users\/1"}],"replies":[{"embeddable":true,"href":"https:\/\/fitnfemale.com\/deu\/wp-json\/wp\/v2\/comments?post=709747"}],"version-history":[{"count":0,"href":"https:\/\/fitnfemale.com\/deu\/wp-json\/wp\/v2\/pages\/709747\/revisions"}],"wp:attachment":[{"href":"https:\/\/fitnfemale.com\/deu\/wp-json\/wp\/v2\/media?parent=709747"}],"curies":[{"name":"wp","href":"https:\/\/api.w.org\/{rel}","templated":true}]}}