{"id":6242,"date":"2017-10-13T09:54:27","date_gmt":"2017-10-13T09:54:27","guid":{"rendered":"https:\/\/fitnfemale.de\/?page_id=6242"},"modified":"2023-10-01T12:47:53","modified_gmt":"2023-10-01T11:47:53","slug":"ruecknahme","status":"publish","type":"page","link":"https:\/\/fitnfemale.com\/deu\/ruecknahme\/","title":{"rendered":"R\u00fccknahme"},"content":{"rendered":"<div class=\"row\"  id=\"row-636693389\">\n\n\t<div id=\"col-702023126\" class=\"col medium-6 small-12 large-6\"  >\n\t\t\t\t<div class=\"col-inner\"  >\n\t\t\t\n\t\t\t\n<h3><i class=\"fas fa-undo-alt\" style=\"color: #dac179;\"><\/i> R\u00fccknahmegarantie<\/h3>\n<p>Nach Erhalt deiner Lieferung hast du <span style=\"color: #282828;\"><strong>30 Tage<\/strong><\/span> Zeit, um das bestellte Produkt gem\u00e4ss unseren <strong><a href=\"https:\/\/fitnfemale.com\/deu\/agb\/\">R\u00fcckgaberichtlinien<\/a> <\/strong>zu retournieren. Bitte behandle deine Produkte sorgf\u00e4ltig nach Erhalt und sorge daf\u00fcr, dass die Siegel intakt sind. R\u00fccknahmeanfragen f\u00fcr Nahrungserg\u00e4nzungsmittel werden nur beachtet, insofern die Verpackung unge\u00f6ffnet ist und sich die Ware in der Originalpackung befindet. Die Kosten f\u00fcr R\u00fccksendungen sind vom Kunden zu tragen.<\/p>\n<div class=\"is-divider divider clearfix\" ><\/div>\n<h3><i class=\"fas fa-map-pin\" style=\"color: #dac179;\"><\/i> R\u00fccksendeadresse <img decoding=\"async\" src=\"https:\/\/cdnjs.cloudflare.com\/ajax\/libs\/flag-icon-css\/2.9.0\/flags\/1x1\/de.svg\" width=\"22px\" \/><\/h3>\n<strong>Fitnessmagnet<\/strong><strong>Bleicheweg 158<\/strong><strong>88131 Lindau<\/strong><strong>Deutschland<\/strong><small>ACHTUNG: F\u00fcr die R\u00fccksendung bitte NUR DHL verwenden.<\/small>\n\t\t<\/div>\n\t\t\t\t\t<\/div>\n\n\t\n\n\t<div id=\"col-2004852782\" class=\"col medium-6 small-12 large-6\"  >\n\t\t\t\t<div class=\"col-inner\"  >\n\t\t\t\n\t\t\t\n\n\t<section class=\"section\" id=\"section_1467490545\">\n\t\t<div class=\"section-bg fill\" >\n\t\t\t\t\t\t\t\t\t\n\t\t\t\n\n\t\t<\/div>\n\n\t\t\n\n\t\t<div class=\"section-content relative\">\n\t\t\t\n<h3>Paketversand<\/h3>\n<p>Wir sind nicht verantwortlich f\u00fcr verlorene oder gestohlene Ware. Trotzdem unterst\u00fctzen wir dich gerne bei der Suche.<\/p>\n<h3>e-Books und andere digitale Artikel<\/h3>\n<p>E-Books und digitale Inhalte k\u00f6nnen nicht retourniert oder r\u00fcckerstattet werden.<\/p>\n<h3>Nahrungserg\u00e4nzungsmittel und Lebensmittel<\/h3>\n<p>Aus Sicherheits- und Hygienegr\u00fcnden nur<strong> unge\u00f6ffnet<\/strong> und <strong>originalverpackt<\/strong> zur\u00fcck genommen werden.<\/p>\n\t\t<\/div>\n\n\t\t\n<style>\n#section_1467490545 {\n  padding-top: 30px;\n  padding-bottom: 30px;\n  background-color: rgb(239, 239, 239);\n}\n<\/style>\n\t<\/section>\n\t\n\t<div id=\"gap-902837838\" class=\"gap-element clearfix\" style=\"display:block; height:auto;\">\n\t\t\n<style>\n#gap-902837838 {\n  padding-top: 30px;\n}\n<\/style>\n\t<\/div>\n\t\n<a href=\"\/deu\/widerrufsbelehrung\/\" class=\"button primary expand\" >\n\t<i class=\"icon-angle-right\" aria-hidden=\"true\"><\/i>\t<span>Widerrufsbelehrung<\/span>\n\t<\/a>\n\n<a href=\"\/deu\/agb\/\" class=\"button primary expand\" >\n\t<i class=\"icon-angle-right\" aria-hidden=\"true\"><\/i>\t<span>AGB<\/span>\n\t<\/a>\n\n\t\t<\/div>\n\t\t\t\t\t<\/div>\n\n\t\n<\/div>","protected":false},"excerpt":{"rendered":"","protected":false},"author":1,"featured_media":0,"parent":0,"menu_order":0,"comment_status":"closed","ping_status":"closed","template":"","meta":{"slim_seo":{"title":"R\u00fccknahme - FitNFemale\u00ae","description":"R\u00fccknahmegarantie Nach Erhalt deiner Lieferung hast du 30 Tage Zeit, um das bestellte Produkt gem\u00e4ss unseren R\u00fcckgaberichtlinien zu retournieren. Bitte behandle"},"footnotes":""},"class_list":["post-6242","page","type-page","status-publish","hentry"],"_links":{"self":[{"href":"https:\/\/fitnfemale.com\/deu\/wp-json\/wp\/v2\/pages\/6242","targetHints":{"allow":["GET"]}}],"collection":[{"href":"https:\/\/fitnfemale.com\/deu\/wp-json\/wp\/v2\/pages"}],"about":[{"href":"https:\/\/fitnfemale.com\/deu\/wp-json\/wp\/v2\/types\/page"}],"author":[{"embeddable":true,"href":"https:\/\/fitnfemale.com\/deu\/wp-json\/wp\/v2\/users\/1"}],"replies":[{"embeddable":true,"href":"https:\/\/fitnfemale.com\/deu\/wp-json\/wp\/v2\/comments?post=6242"}],"version-history":[{"count":0,"href":"https:\/\/fitnfemale.com\/deu\/wp-json\/wp\/v2\/pages\/6242\/revisions"}],"wp:attachment":[{"href":"https:\/\/fitnfemale.com\/deu\/wp-json\/wp\/v2\/media?parent=6242"}],"curies":[{"name":"wp","href":"https:\/\/api.w.org\/{rel}","templated":true}]}}